{"id":2385,"date":"2024-01-05T16:05:36","date_gmt":"2024-01-05T15:05:36","guid":{"rendered":"https:\/\/www.gerardcalzada.com\/?page_id=2385"},"modified":"2024-07-11T10:57:53","modified_gmt":"2024-07-11T08:57:53","slug":"visitas-a-domicilio","status":"publish","type":"page","link":"https:\/\/www.gerardcalzada.com\/es\/tratamientos\/visitas-a-domicilio\/","title":{"rendered":"Visitas a domicilio"},"content":{"rendered":"\n<div class=\"wp-block-uagb-container uagb-block-6423f087 alignfull uagb-is-root-container\"><div class=\"uagb-container-inner-blocks-wrap\">\n<h1 class=\"wp-block-heading has-text-align-center\">Visitas a domicilio<\/h1>\n\n\n\n<div class=\"wp-block-media-text has-media-on-the-right is-stacked-on-mobile is-vertically-aligned-top\" style=\"margin-right:0px;margin-left:0px;padding-top:0;padding-right:0px;padding-bottom:0;padding-left:0px;grid-template-columns:auto 45%\"><div class=\"wp-block-media-text__content\">\n<p class=\"has-ast-global-color-1-color has-text-color has-link-color wp-elements-b960d24cb4f2609731b8b58991e0c4c6\" style=\"font-size:23px\">En mi pr\u00e1ctica de atenci\u00f3n en salud mental, estoy convencido de que la calidad de la atenci\u00f3n se basa no solo en la experiencia cl\u00ednica, sino tambi\u00e9n en la capacidad de adaptar esa atenci\u00f3n a las necesidades y al contexto de vida de cada individuo. Es en esta perspectiva que he incorporado las visitas a domicilio en mi oferta terap\u00e9utica. Este enfoque tiene como objetivo proporcionar atenci\u00f3n en el entorno m\u00e1s seguro para el individuo: su propio hogar. Este enfoque de atenci\u00f3n es especialmente adecuado para aquellos que tienen limitaciones f\u00edsicas, mentales u otras limitaciones personales.<\/p>\n\n\n\n<p class=\"has-ast-global-color-1-color has-text-color has-link-color wp-elements-03ac08d1d231640c8a7478962ecb7bd7\" style=\"font-size:23px\">Al intervenir directamente en el entorno de las personas que est\u00e1n siendo atendidas, desarrollo una comprensi\u00f3n integral de su salud mental. Este enfoque tiene en cuenta los aspectos cl\u00ednicos y el impacto ambiental, social y personal de cada individuo. Un enfoque de este tipo facilita el establecimiento de una relaci\u00f3n terap\u00e9utica profunda y significativa, fundamental para una atenci\u00f3n efectiva y respetuosa.<\/p>\n<\/div><figure class=\"wp-block-media-text__media\"><img loading=\"lazy\" decoding=\"async\" width=\"896\" height=\"512\" src=\"https:\/\/www.gerardcalzada.com\/es\/wp-content\/uploads\/sites\/2\/Domicile.webp\" alt=\"Visitas a domicilio\" class=\"wp-image-1646 size-full\" srcset=\"https:\/\/www.gerardcalzada.com\/es\/wp-content\/uploads\/sites\/2\/Domicile.webp 896w, https:\/\/www.gerardcalzada.com\/es\/wp-content\/uploads\/sites\/2\/Domicile-300x171.webp 300w\" sizes=\"auto, (max-width: 896px) 100vw, 896px\" \/><\/figure><\/div>\n<\/div><\/div>\n\n\n\n<div class=\"wp-block-uagb-container uagb-block-7bfc6fde alignfull uagb-is-root-container\"><div class=\"uagb-container-inner-blocks-wrap\">\n<div class=\"wp-block-uagb-advanced-heading uagb-block-e339b5d8\"><h2 class=\"uagb-heading-text\">\u00bfPor qu\u00e9 las visitas a domicilio?<\/h2><\/div>\n\n\n\n<div class=\"wp-block-columns is-layout-flex wp-container-core-columns-is-layout-1 wp-block-columns-is-layout-flex\">\n<div class=\"wp-block-column is-layout-flow wp-block-column-is-layout-flow\">\n<div class=\"wp-block-uagb-info-box uagb-block-be5cca48 uagb-infobox__content-wrap  uagb-infobox-icon-above-title uagb-infobox-image-valign-top\"><div class=\"uagb-ifb-content\"><div class=\"uagb-ifb-image-content\"><img decoding=\"async\" src=\"https:\/\/www.gerardcalzada.com\/es\/wp-content\/uploads\/sites\/2\/acces-aux-soins.webp\" alt=\"Facilitaci\u00f3n del acceso a la atenci\u00f3n\" width=\"400\" height=\"228\" loading=\"lazy\"\/><\/div><div class=\"uagb-ifb-title-wrap\"><h3 class=\"uagb-ifb-title\">Facilitaci\u00f3n del acceso a la atenci\u00f3n<\/h3><\/div><p class=\"uagb-ifb-desc\">Las visitas a domicilio facilitan el acceso a la atenci\u00f3n. Son ideales para personas que tienen dificultades para desplazarse o salir de sus hogares debido a su estado de salud. Este enfoque elimina las barreras relacionadas con el transporte y el acceso a los centros de atenci\u00f3n tradicionales<\/p><\/div><\/div>\n<\/div>\n\n\n\n<div class=\"wp-block-column is-layout-flow wp-block-column-is-layout-flow\">\n<div class=\"wp-block-uagb-info-box uagb-block-6298a444 uagb-infobox__content-wrap  uagb-infobox-icon-above-title uagb-infobox-image-valign-top\"><div class=\"uagb-ifb-content\"><div class=\"uagb-ifb-image-content\"><img decoding=\"async\" src=\"https:\/\/www.gerardcalzada.com\/es\/wp-content\/uploads\/sites\/2\/environnement.webp\" alt=\"Entorno reconfortante\" width=\"400\" height=\"228\" loading=\"lazy\"\/><\/div><div class=\"uagb-ifb-title-wrap\"><h3 class=\"uagb-ifb-title\">Entorno reconfortante<\/h3><\/div><p class=\"uagb-ifb-desc\">Recibir atenci\u00f3n en el hogar ofrece un entorno familiar y reconfortante. Esto permite una comunicaci\u00f3n m\u00e1s fluida y fomenta la apertura durante las sesiones terap\u00e9uticas. Las personas se sienten m\u00e1s c\u00f3modas expres\u00e1ndose, lo que mejora la eficacia de la atenci\u00f3n.<\/p><\/div><\/div>\n<\/div>\n\n\n\n<div class=\"wp-block-column is-layout-flow wp-block-column-is-layout-flow\">\n<div class=\"wp-block-uagb-info-box uagb-block-f239e73c uagb-infobox__content-wrap  uagb-infobox-icon-above-title uagb-infobox-image-valign-top\"><div class=\"uagb-ifb-content\"><div class=\"uagb-ifb-image-content\"><img decoding=\"async\" src=\"https:\/\/www.gerardcalzada.com\/es\/wp-content\/uploads\/sites\/2\/proches-1.webp\" alt=\"Participaci\u00f3n de los cuidadores familiares\" width=\"400\" height=\"228\" loading=\"lazy\"\/><\/div><div class=\"uagb-ifb-title-wrap\"><h3 class=\"uagb-ifb-title\">Participaci\u00f3n de los cuidadores familiares<\/h3><\/div><p class=\"uagb-ifb-desc\">La participaci\u00f3n de los cuidadores familiares es otra ventaja. Permite una mejor comprensi\u00f3n de las necesidades de la persona atendida y facilita la comunicaci\u00f3n con el terapeuta. Los familiares, al comprender mejor la atenci\u00f3n, brindan un apoyo m\u00e1s efectivo en la vida diaria.<\/p><\/div><\/div>\n<\/div>\n<\/div>\n<\/div><\/div>\n\n\n\n<div class=\"wp-block-uagb-container uagb-block-799703a5 alignfull uagb-is-root-container\"><div class=\"uagb-container-inner-blocks-wrap\">\n<div class=\"wp-block-uagb-container uagb-block-b08586a7 alignfull uagb-is-root-container\"><div class=\"uagb-container-inner-blocks-wrap\">\n<div class=\"wp-block-uagb-call-to-action uagb-block-18f24de1 wp-block-button\"><div class=\"uagb-cta__wrap\"><h2 class=\"uagb-cta__title\"><strong>Reserve su consulta<\/strong><\/h2><p class=\"uagb-cta__desc\">Para solicitar un seguimiento a domicilio, no dude en programar una cita.<\/p><\/div><div class=\"uagb-cta__buttons\"><a href=\"https:\/\/www.gerardcalzada.com\/es\/cita\/\" class=\"uagb-cta__button-link-wrapper wp-block-button__link\" target=\"_self\" rel=\"noopener noreferrer\">SOLICITE UNA CITA<\/a><\/div><\/div>\n<\/div><\/div>\n<\/div><\/div>\n","protected":false},"excerpt":{"rendered":"<p>Visitas a domicilio En mi pr\u00e1ctica de atenci\u00f3n en salud mental, estoy convencido de que la calidad de la atenci\u00f3n se basa no solo en la experiencia cl\u00ednica, sino tambi\u00e9n en la capacidad de adaptar esa atenci\u00f3n a las necesidades y al contexto de vida de cada individuo. Es en esta perspectiva que he incorporado [&hellip;]<\/p>\n","protected":false},"author":2,"featured_media":1646,"parent":2951,"menu_order":5,"comment_status":"closed","ping_status":"closed","template":"","meta":{"_uag_custom_page_level_css":"","_monsterinsights_skip_tracking":false,"_monsterinsights_sitenote_active":false,"_monsterinsights_sitenote_note":"","_monsterinsights_sitenote_category":0,"site-sidebar-layout":"default","site-content-layout":"","ast-site-content-layout":"full-width-container","site-content-style":"unboxed","site-sidebar-style":"default","ast-global-header-display":"","ast-banner-title-visibility":"","ast-main-header-display":"","ast-hfb-above-header-display":"","ast-hfb-below-header-display":"","ast-hfb-mobile-header-display":"","site-post-title":"disabled","ast-breadcrumbs-content":"","ast-featured-img":"disabled","footer-sml-layout":"","ast-disable-related-posts":"","theme-transparent-header-meta":"enabled","adv-header-id-meta":"","stick-header-meta":"","header-above-stick-meta":"","header-main-stick-meta":"","header-below-stick-meta":"","astra-migrate-meta-layouts":"set","ast-page-background-enabled":"default","ast-page-background-meta":{"desktop":{"background-color":"var(--ast-global-color-4)","background-image":"","background-repeat":"repeat","background-position":"center center","background-size":"auto","background-attachment":"scroll","background-type":"","background-media":"","overlay-type":"","overlay-color":"","overlay-opacity":"","overlay-gradient":""},"tablet":{"background-color":"","background-image":"","background-repeat":"repeat","background-position":"center center","background-size":"auto","background-attachment":"scroll","background-type":"","background-media":"","overlay-type":"","overlay-color":"","overlay-opacity":"","overlay-gradient":""},"mobile":{"background-color":"","background-image":"","background-repeat":"repeat","background-position":"center center","background-size":"auto","background-attachment":"scroll","background-type":"","background-media":"","overlay-type":"","overlay-color":"","overlay-opacity":"","overlay-gradient":""}},"ast-content-background-meta":{"desktop":{"background-color":"var(--ast-global-color-5)","background-image":"","background-repeat":"repeat","background-position":"center center","background-size":"auto","background-attachment":"scroll","background-type":"","background-media":"","overlay-type":"","overlay-color":"","overlay-opacity":"","overlay-gradient":""},"tablet":{"background-color":"var(--ast-global-color-5)","background-image":"","background-repeat":"repeat","background-position":"center center","background-size":"auto","background-attachment":"scroll","background-type":"","background-media":"","overlay-type":"","overlay-color":"","overlay-opacity":"","overlay-gradient":""},"mobile":{"background-color":"var(--ast-global-color-5)","background-image":"","background-repeat":"repeat","background-position":"center center","background-size":"auto","background-attachment":"scroll","background-type":"","background-media":"","overlay-type":"","overlay-color":"","overlay-opacity":"","overlay-gradient":""}},"footnotes":""},"class_list":["post-2385","page","type-page","status-publish","has-post-thumbnail","hentry"],"yoast_head":"<!-- This site is optimized with the Yoast SEO plugin v26.8 - https:\/\/yoast.com\/product\/yoast-seo-wordpress\/ -->\n<title>Visitas a domicilio - Dr Gerard Calzada<\/title>\n<meta name=\"description\" content=\"Visitas a domicilio para personas con dificultades para desplazarse a la consulta o acceder a la terapia en l\u00ednea.\" \/>\n<meta name=\"robots\" content=\"index, follow, max-snippet:-1, max-image-preview:large, max-video-preview:-1\" \/>\n<link rel=\"canonical\" href=\"https:\/\/www.gerardcalzada.com\/es\/tratamientos\/visitas-a-domicilio\/\" \/>\n<meta property=\"og:locale\" content=\"es_ES\" \/>\n<meta property=\"og:type\" content=\"article\" \/>\n<meta property=\"og:title\" content=\"Visitas a domicilio - Dr Gerard Calzada\" \/>\n<meta property=\"og:description\" content=\"Visitas a domicilio para personas con dificultades para desplazarse a la consulta o acceder a la terapia en l\u00ednea.\" \/>\n<meta property=\"og:url\" content=\"https:\/\/www.gerardcalzada.com\/es\/tratamientos\/visitas-a-domicilio\/\" \/>\n<meta property=\"og:site_name\" content=\"Dr Gerard Calzada\" \/>\n<meta property=\"article:modified_time\" content=\"2024-07-11T08:57:53+00:00\" \/>\n<meta property=\"og:image\" content=\"https:\/\/www.gerardcalzada.com\/es\/wp-content\/uploads\/sites\/2\/Domicile.webp\" \/>\n\t<meta property=\"og:image:width\" content=\"896\" \/>\n\t<meta property=\"og:image:height\" content=\"512\" \/>\n\t<meta property=\"og:image:type\" content=\"image\/webp\" \/>\n<meta name=\"twitter:card\" content=\"summary_large_image\" \/>\n<meta name=\"twitter:label1\" content=\"Tiempo de lectura\" \/>\n\t<meta name=\"twitter:data1\" content=\"3 minutos\" \/>\n<script type=\"application\/ld+json\" class=\"yoast-schema-graph\">{\"@context\":\"https:\/\/schema.org\",\"@graph\":[{\"@type\":\"WebPage\",\"@id\":\"https:\/\/www.gerardcalzada.com\/es\/tratamientos\/visitas-a-domicilio\/\",\"url\":\"https:\/\/www.gerardcalzada.com\/es\/tratamientos\/visitas-a-domicilio\/\",\"name\":\"Visitas a domicilio - Dr Gerard Calzada\",\"isPartOf\":{\"@id\":\"https:\/\/www.gerardcalzada.com\/es\/#website\"},\"primaryImageOfPage\":{\"@id\":\"https:\/\/www.gerardcalzada.com\/es\/tratamientos\/visitas-a-domicilio\/#primaryimage\"},\"image\":{\"@id\":\"https:\/\/www.gerardcalzada.com\/es\/tratamientos\/visitas-a-domicilio\/#primaryimage\"},\"thumbnailUrl\":\"https:\/\/www.gerardcalzada.com\/es\/wp-content\/uploads\/sites\/2\/Domicile.webp\",\"datePublished\":\"2024-01-05T15:05:36+00:00\",\"dateModified\":\"2024-07-11T08:57:53+00:00\",\"description\":\"Visitas a domicilio para personas con dificultades para desplazarse a la consulta o acceder a la terapia en l\u00ednea.\",\"breadcrumb\":{\"@id\":\"https:\/\/www.gerardcalzada.com\/es\/tratamientos\/visitas-a-domicilio\/#breadcrumb\"},\"inLanguage\":\"es\",\"potentialAction\":[{\"@type\":\"ReadAction\",\"target\":[\"https:\/\/www.gerardcalzada.com\/es\/tratamientos\/visitas-a-domicilio\/\"]}]},{\"@type\":\"ImageObject\",\"inLanguage\":\"es\",\"@id\":\"https:\/\/www.gerardcalzada.com\/es\/tratamientos\/visitas-a-domicilio\/#primaryimage\",\"url\":\"https:\/\/www.gerardcalzada.com\/es\/wp-content\/uploads\/sites\/2\/Domicile.webp\",\"contentUrl\":\"https:\/\/www.gerardcalzada.com\/es\/wp-content\/uploads\/sites\/2\/Domicile.webp\",\"width\":896,\"height\":512,\"caption\":\"Visitas a domicilio\"},{\"@type\":\"BreadcrumbList\",\"@id\":\"https:\/\/www.gerardcalzada.com\/es\/tratamientos\/visitas-a-domicilio\/#breadcrumb\",\"itemListElement\":[{\"@type\":\"ListItem\",\"position\":1,\"name\":\"Accueil\",\"item\":\"https:\/\/www.gerardcalzada.com\/es\/\"},{\"@type\":\"ListItem\",\"position\":2,\"name\":\"Prestaciones de salud mental\",\"item\":\"https:\/\/www.gerardcalzada.com\/es\/tratamientos\/\"},{\"@type\":\"ListItem\",\"position\":3,\"name\":\"Visitas a domicilio\"}]},{\"@type\":\"WebSite\",\"@id\":\"https:\/\/www.gerardcalzada.com\/es\/#website\",\"url\":\"https:\/\/www.gerardcalzada.com\/es\/\",\"name\":\"Dr Gerard Calzada\",\"description\":\"M\u00e9dico psiquiatra y psicoterapeuta, especializado en el tratamiento de adicciones y en psicoterapias sist\u00e9micas, Ginebra (Suiza)\",\"publisher\":{\"@id\":\"https:\/\/www.gerardcalzada.com\/es\/#organization\"},\"potentialAction\":[{\"@type\":\"SearchAction\",\"target\":{\"@type\":\"EntryPoint\",\"urlTemplate\":\"https:\/\/www.gerardcalzada.com\/es\/?s={search_term_string}\"},\"query-input\":{\"@type\":\"PropertyValueSpecification\",\"valueRequired\":true,\"valueName\":\"search_term_string\"}}],\"inLanguage\":\"es\"},{\"@type\":\"Organization\",\"@id\":\"https:\/\/www.gerardcalzada.com\/es\/#organization\",\"name\":\"Dr Gerard Calzada\",\"url\":\"https:\/\/www.gerardcalzada.com\/es\/\",\"logo\":{\"@type\":\"ImageObject\",\"inLanguage\":\"es\",\"@id\":\"https:\/\/www.gerardcalzada.com\/es\/#\/schema\/logo\/image\/\",\"url\":\"https:\/\/www.gerardcalzada.com\/es\/wp-content\/uploads\/sites\/2\/G-Calzada.webp\",\"contentUrl\":\"https:\/\/www.gerardcalzada.com\/es\/wp-content\/uploads\/sites\/2\/G-Calzada.webp\",\"width\":2133,\"height\":1200,\"caption\":\"Dr Gerard Calzada\"},\"image\":{\"@id\":\"https:\/\/www.gerardcalzada.com\/es\/#\/schema\/logo\/image\/\"}}]}<\/script>\n<!-- \/ Yoast SEO plugin. -->","yoast_head_json":{"title":"Visitas a domicilio - Dr Gerard Calzada","description":"Visitas a domicilio para personas con dificultades para desplazarse a la consulta o acceder a la terapia en l\u00ednea.","robots":{"index":"index","follow":"follow","max-snippet":"max-snippet:-1","max-image-preview":"max-image-preview:large","max-video-preview":"max-video-preview:-1"},"canonical":"https:\/\/www.gerardcalzada.com\/es\/tratamientos\/visitas-a-domicilio\/","og_locale":"es_ES","og_type":"article","og_title":"Visitas a domicilio - Dr Gerard Calzada","og_description":"Visitas a domicilio para personas con dificultades para desplazarse a la consulta o acceder a la terapia en l\u00ednea.","og_url":"https:\/\/www.gerardcalzada.com\/es\/tratamientos\/visitas-a-domicilio\/","og_site_name":"Dr Gerard Calzada","article_modified_time":"2024-07-11T08:57:53+00:00","og_image":[{"width":896,"height":512,"url":"https:\/\/www.gerardcalzada.com\/es\/wp-content\/uploads\/sites\/2\/Domicile.webp","type":"image\/webp"}],"twitter_card":"summary_large_image","twitter_misc":{"Tiempo de lectura":"3 minutos"},"schema":{"@context":"https:\/\/schema.org","@graph":[{"@type":"WebPage","@id":"https:\/\/www.gerardcalzada.com\/es\/tratamientos\/visitas-a-domicilio\/","url":"https:\/\/www.gerardcalzada.com\/es\/tratamientos\/visitas-a-domicilio\/","name":"Visitas a domicilio - Dr Gerard Calzada","isPartOf":{"@id":"https:\/\/www.gerardcalzada.com\/es\/#website"},"primaryImageOfPage":{"@id":"https:\/\/www.gerardcalzada.com\/es\/tratamientos\/visitas-a-domicilio\/#primaryimage"},"image":{"@id":"https:\/\/www.gerardcalzada.com\/es\/tratamientos\/visitas-a-domicilio\/#primaryimage"},"thumbnailUrl":"https:\/\/www.gerardcalzada.com\/es\/wp-content\/uploads\/sites\/2\/Domicile.webp","datePublished":"2024-01-05T15:05:36+00:00","dateModified":"2024-07-11T08:57:53+00:00","description":"Visitas a domicilio para personas con dificultades para desplazarse a la consulta o acceder a la terapia en l\u00ednea.","breadcrumb":{"@id":"https:\/\/www.gerardcalzada.com\/es\/tratamientos\/visitas-a-domicilio\/#breadcrumb"},"inLanguage":"es","potentialAction":[{"@type":"ReadAction","target":["https:\/\/www.gerardcalzada.com\/es\/tratamientos\/visitas-a-domicilio\/"]}]},{"@type":"ImageObject","inLanguage":"es","@id":"https:\/\/www.gerardcalzada.com\/es\/tratamientos\/visitas-a-domicilio\/#primaryimage","url":"https:\/\/www.gerardcalzada.com\/es\/wp-content\/uploads\/sites\/2\/Domicile.webp","contentUrl":"https:\/\/www.gerardcalzada.com\/es\/wp-content\/uploads\/sites\/2\/Domicile.webp","width":896,"height":512,"caption":"Visitas a domicilio"},{"@type":"BreadcrumbList","@id":"https:\/\/www.gerardcalzada.com\/es\/tratamientos\/visitas-a-domicilio\/#breadcrumb","itemListElement":[{"@type":"ListItem","position":1,"name":"Accueil","item":"https:\/\/www.gerardcalzada.com\/es\/"},{"@type":"ListItem","position":2,"name":"Prestaciones de salud mental","item":"https:\/\/www.gerardcalzada.com\/es\/tratamientos\/"},{"@type":"ListItem","position":3,"name":"Visitas a domicilio"}]},{"@type":"WebSite","@id":"https:\/\/www.gerardcalzada.com\/es\/#website","url":"https:\/\/www.gerardcalzada.com\/es\/","name":"Dr Gerard Calzada","description":"M\u00e9dico psiquiatra y psicoterapeuta, especializado en el tratamiento de adicciones y en psicoterapias sist\u00e9micas, Ginebra (Suiza)","publisher":{"@id":"https:\/\/www.gerardcalzada.com\/es\/#organization"},"potentialAction":[{"@type":"SearchAction","target":{"@type":"EntryPoint","urlTemplate":"https:\/\/www.gerardcalzada.com\/es\/?s={search_term_string}"},"query-input":{"@type":"PropertyValueSpecification","valueRequired":true,"valueName":"search_term_string"}}],"inLanguage":"es"},{"@type":"Organization","@id":"https:\/\/www.gerardcalzada.com\/es\/#organization","name":"Dr Gerard Calzada","url":"https:\/\/www.gerardcalzada.com\/es\/","logo":{"@type":"ImageObject","inLanguage":"es","@id":"https:\/\/www.gerardcalzada.com\/es\/#\/schema\/logo\/image\/","url":"https:\/\/www.gerardcalzada.com\/es\/wp-content\/uploads\/sites\/2\/G-Calzada.webp","contentUrl":"https:\/\/www.gerardcalzada.com\/es\/wp-content\/uploads\/sites\/2\/G-Calzada.webp","width":2133,"height":1200,"caption":"Dr Gerard Calzada"},"image":{"@id":"https:\/\/www.gerardcalzada.com\/es\/#\/schema\/logo\/image\/"}}]}},"uagb_featured_image_src":{"full":["https:\/\/www.gerardcalzada.com\/es\/wp-content\/uploads\/sites\/2\/Domicile.webp",896,512,false],"thumbnail":["https:\/\/www.gerardcalzada.com\/es\/wp-content\/uploads\/sites\/2\/Domicile-150x150.webp",150,150,true],"medium":["https:\/\/www.gerardcalzada.com\/es\/wp-content\/uploads\/sites\/2\/Domicile-300x171.webp",300,171,true],"medium_large":["https:\/\/www.gerardcalzada.com\/es\/wp-content\/uploads\/sites\/2\/Domicile.webp",896,512,false],"large":["https:\/\/www.gerardcalzada.com\/es\/wp-content\/uploads\/sites\/2\/Domicile.webp",896,512,false],"1536x1536":["https:\/\/www.gerardcalzada.com\/es\/wp-content\/uploads\/sites\/2\/Domicile.webp",896,512,false],"2048x2048":["https:\/\/www.gerardcalzada.com\/es\/wp-content\/uploads\/sites\/2\/Domicile.webp",896,512,false],"gform-image-choice-sm":["https:\/\/www.gerardcalzada.com\/es\/wp-content\/uploads\/sites\/2\/Domicile.webp",300,171,false],"gform-image-choice-md":["https:\/\/www.gerardcalzada.com\/es\/wp-content\/uploads\/sites\/2\/Domicile.webp",400,229,false],"gform-image-choice-lg":["https:\/\/www.gerardcalzada.com\/es\/wp-content\/uploads\/sites\/2\/Domicile.webp",600,343,false]},"uagb_author_info":{"display_name":"Gerard Calzada","author_link":"https:\/\/www.gerardcalzada.com\/es\/author\/gerard\/"},"uagb_comment_info":0,"uagb_excerpt":"Visitas a domicilio En mi pr\u00e1ctica de atenci\u00f3n en salud mental, estoy convencido de que la calidad de la atenci\u00f3n se basa no solo en la experiencia cl\u00ednica, sino tambi\u00e9n en la capacidad de adaptar esa atenci\u00f3n a las necesidades y al contexto de vida de cada individuo. Es en esta perspectiva que he incorporado&hellip;","_links":{"self":[{"href":"https:\/\/www.gerardcalzada.com\/es\/wp-json\/wp\/v2\/pages\/2385","targetHints":{"allow":["GET"]}}],"collection":[{"href":"https:\/\/www.gerardcalzada.com\/es\/wp-json\/wp\/v2\/pages"}],"about":[{"href":"https:\/\/www.gerardcalzada.com\/es\/wp-json\/wp\/v2\/types\/page"}],"author":[{"embeddable":true,"href":"https:\/\/www.gerardcalzada.com\/es\/wp-json\/wp\/v2\/users\/2"}],"replies":[{"embeddable":true,"href":"https:\/\/www.gerardcalzada.com\/es\/wp-json\/wp\/v2\/comments?post=2385"}],"version-history":[{"count":17,"href":"https:\/\/www.gerardcalzada.com\/es\/wp-json\/wp\/v2\/pages\/2385\/revisions"}],"predecessor-version":[{"id":3181,"href":"https:\/\/www.gerardcalzada.com\/es\/wp-json\/wp\/v2\/pages\/2385\/revisions\/3181"}],"up":[{"embeddable":true,"href":"https:\/\/www.gerardcalzada.com\/es\/wp-json\/wp\/v2\/pages\/2951"}],"wp:featuredmedia":[{"embeddable":true,"href":"https:\/\/www.gerardcalzada.com\/es\/wp-json\/wp\/v2\/media\/1646"}],"wp:attachment":[{"href":"https:\/\/www.gerardcalzada.com\/es\/wp-json\/wp\/v2\/media?parent=2385"}],"curies":[{"name":"wp","href":"https:\/\/api.w.org\/{rel}","templated":true}]}}