{"id":1888,"date":"2023-12-12T09:12:46","date_gmt":"2023-12-12T08:12:46","guid":{"rendered":"https:\/\/www.gerardcalzada.com\/?page_id=1888"},"modified":"2024-07-11T10:57:54","modified_gmt":"2024-07-11T08:57:54","slug":"confidencialidad","status":"publish","type":"page","link":"https:\/\/www.gerardcalzada.com\/es\/confidencialidad\/","title":{"rendered":"Confidencialidad y protecci\u00f3n de datos"},"content":{"rendered":"\n<div class=\"wp-block-uagb-container uagb-block-2d949a75 alignfull uagb-is-root-container\"><div class=\"uagb-container-inner-blocks-wrap\">\n<div style=\"height:100px\" aria-hidden=\"true\" class=\"wp-block-spacer\"><\/div>\n\n\n\n<div class=\"wp-block-uagb-advanced-heading uagb-block-bcf37fea\"><h1 class=\"uagb-heading-text\"><strong>Pol\u00edtica de confidencialidad y protecci\u00f3n de datos<\/strong><\/h1><\/div>\n\n\n\n<p class=\"has-medium-font-size\">La siguiente declaraci\u00f3n de protecci\u00f3n de datos, aplicable al uso del sitio web GerardCalzada.com y a los servicios ofrecidos en \u00e9l, le informa sobre la recopilaci\u00f3n de datos personales durante su navegaci\u00f3n. Al usar este sitio web, usted acepta el tratamiento de sus datos personales de acuerdo con esta declaraci\u00f3n de protecci\u00f3n de datos. Recopilamos y procesamos datos personales sobre usted respetando las leyes y requisitos vigentes en materia de protecci\u00f3n de datos. Adem\u00e1s, el gabinete m\u00e9dico declina toda responsabilidad relacionada con el uso de este sitio web.<\/p>\n\n\n\n<h2 class=\"wp-block-heading\"><strong>Registro de datos e informaci\u00f3n general<\/strong><\/h2>\n\n\n\n<p>Cada vez que visita el sitio web, se recopila una serie de datos e informaci\u00f3n general y se registra en los archivos log del servidor. Los datos recogidos pueden incluir (1) los tipos y versiones de navegadores utilizados, (2) el sistema operativo utilizado por el sistema de acceso, (3) el sitio web desde el cual un sistema accede a nuestro sitio web (referente), (4) los sub-sitios accesibles por un sistema que accede a nuestro sitio web, (5) la fecha y hora de acceso al sitio web, (6) una direcci\u00f3n IP (Protocolo de Internet), (7) el proveedor de servicios de Internet del sistema de acceso y (8) otros datos e informaci\u00f3n similar utilizada para proteger en caso de ataques a nuestra infraestructura inform\u00e1tica.<br>Estos datos e informaci\u00f3n son necesarios para (1) presentar correctamente el contenido de nuestro sitio web, (2) optimizar su contenido, (3) garantizar el funcionamiento continuo de nuestra infraestructura inform\u00e1tica y aspectos t\u00e9cnicos de nuestro sitio web, y (4) proporcionar la informaci\u00f3n necesaria a las autoridades judiciales en caso de un ataque cibern\u00e9tico.<br>Nuestro gabinete m\u00e9dico puede analizar estos datos e informaci\u00f3n, por un lado, con fines estad\u00edsticos y, por otro, para mejorar la protecci\u00f3n y seguridad de los datos de nuestra infraestructura inform\u00e1tica. Los datos e informaci\u00f3n recopilados se procesan solo para los fines mencionados anteriormente y luego se eliminan.<\/p>\n\n\n\n<h2 class=\"wp-block-heading\"><strong>Enlaces a otros sitios web<\/strong><\/h2>\n\n\n\n<p>Este sitio web puede contener enlaces a sitios web de otros proveedores. Nuestro gabinete m\u00e9dico no tiene ninguna influencia sobre estos sitios web, sus contenidos, ofertas o disponibilidad, ni sobre las declaraciones y disposiciones relativas a la protecci\u00f3n de datos que les son aplicables y, por lo tanto, declina toda responsabilidad.<\/p>\n\n\n\n<h2 class=\"wp-block-heading\"><strong>Cookies y otras ofertas de servicios<\/strong><\/h2>\n\n\n\n<p>Nuestro gabinete m\u00e9dico puede utilizar cookies en su sitio web. Las cookies contienen un identificador \u00fanico que asocia los sitios web y los servidores a un navegador de Internet espec\u00edfico. Cualquier navegador de Internet puede ser reconocido e identificado mediante este identificador \u00fanico.<br>Tales informaciones sobre el uso de este sitio web (incluyendo su direcci\u00f3n IP) pueden, por ejemplo, con el uso de Google Analytics, ser transmitidas a servidores en el extranjero y all\u00ed almacenarse. Al continuar navegando en nuestro sitio web, declara aceptar la transferencia de estos datos.<br>Nuestro gabinete m\u00e9dico puede utilizar otras ofertas de servicios de proveedores de terceros para integrar en nuestro sitio web sus contenidos y servicios, tales como videos o contribuciones. Para tal integraci\u00f3n, estos proveedores de terceros deben poder recopilar la direcci\u00f3n IP y otra informaci\u00f3n de las personas que visitan este sitio web. Al continuar navegando en nuestro sitio web, declara aceptar lo anterior.<br>Este sitio web puede contener botones (\u00abplugins de redes sociales\u00bb) que establecen contacto con los servidores de redes sociales (Facebook, Twitter, Instagram, etc.). Al hacer clic en uno de estos botones, acepta que los datos necesarios, como la direcci\u00f3n IP, la navegaci\u00f3n en el sitio web, etc., sean transmitidos al operador de la red social correspondiente.<\/p>\n\n\n\n<h2 class=\"wp-block-heading\"><strong>Medios de comunicaci\u00f3n<\/strong><\/h2>\n\n\n\n<p>El sitio web de nuestro gabinete m\u00e9dico contiene ciertas informaciones que permiten un contacto r\u00e1pido por v\u00eda electr\u00f3nica, as\u00ed como una comunicaci\u00f3n inmediata, lo que incluye tambi\u00e9n formularios de contacto y una direcci\u00f3n de correo electr\u00f3nico general. Si nos contacta a trav\u00e9s de los canales de comunicaci\u00f3n ofrecidos en nuestro sitio web, sus detalles y contenidos solo se utilizar\u00e1n para procesar su solicitud y responder a ella.<br>Nota importante: ya que no se puede garantizar la confidencialidad durante la transmisi\u00f3n de sus datos, ne tendr\u00eda que comunicar ning\u00fan dato confidencial (de orden m\u00e9dico, etc.) durante la toma de contacto.<\/p>\n\n\n\n<h2 class=\"wp-block-heading\"><strong>Sus derechos<\/strong><\/h2>\n\n\n\n<p>La ley de protecci\u00f3n de datos le otorga varios derechos, como el derecho de acceso. Por favor, dir\u00edjase a nuestro gabinete m\u00e9dico para ejercer sus derechos. Nos mantenemos a su disposici\u00f3n para cualquier informaci\u00f3n adicional sobre este tema.<\/p>\n\n\n\n<h2 class=\"wp-block-heading\"><strong>Modificaciones<\/strong><\/h2>\n\n\n\n<p>Nuestro gabinete m\u00e9dico puede modificar esta declaraci\u00f3n de protecci\u00f3n de datos en cualquier momento y sin previo aviso. La versi\u00f3n aplicable es la que se publica en nuestro sitio web. Cuando la declaraci\u00f3n de protecci\u00f3n de datos sea parte integral de un contrato que haya celebrado con nosotros, le informaremos, por correo electr\u00f3nico o por cualquier otro medio apropiado, sobre cualquier modificaci\u00f3n realizada en caso de actualizaci\u00f3n.<\/p>\n\n\n\n<p>Ginebra, el 11 de diciembre de 2023.<\/p>\n\n\n\n<div style=\"height:100px\" aria-hidden=\"true\" class=\"wp-block-spacer\"><\/div>\n<\/div><\/div>\n","protected":false},"excerpt":{"rendered":"<p>Pol\u00edtica de confidencialidad y protecci\u00f3n de datos La siguiente declaraci\u00f3n de protecci\u00f3n de datos, aplicable al uso del sitio web GerardCalzada.com y a los servicios ofrecidos en \u00e9l, le informa sobre la recopilaci\u00f3n de datos personales durante su navegaci\u00f3n. Al usar este sitio web, usted acepta el tratamiento de sus datos personales de acuerdo con [&hellip;]<\/p>\n","protected":false},"author":2,"featured_media":1914,"parent":0,"menu_order":0,"comment_status":"closed","ping_status":"closed","template":"","meta":{"_uag_custom_page_level_css":"","_monsterinsights_skip_tracking":false,"_monsterinsights_sitenote_active":false,"_monsterinsights_sitenote_note":"","_monsterinsights_sitenote_category":0,"site-sidebar-layout":"default","site-content-layout":"","ast-site-content-layout":"full-width-container","site-content-style":"unboxed","site-sidebar-style":"default","ast-global-header-display":"","ast-banner-title-visibility":"","ast-main-header-display":"","ast-hfb-above-header-display":"","ast-hfb-below-header-display":"","ast-hfb-mobile-header-display":"","site-post-title":"disabled","ast-breadcrumbs-content":"","ast-featured-img":"disabled","footer-sml-layout":"","ast-disable-related-posts":"","theme-transparent-header-meta":"enabled","adv-header-id-meta":"","stick-header-meta":"","header-above-stick-meta":"","header-main-stick-meta":"","header-below-stick-meta":"","astra-migrate-meta-layouts":"set","ast-page-background-enabled":"default","ast-page-background-meta":{"desktop":{"background-color":"var(--ast-global-color-4)","background-image":"","background-repeat":"repeat","background-position":"center center","background-size":"auto","background-attachment":"scroll","background-type":"","background-media":"","overlay-type":"","overlay-color":"","overlay-opacity":"","overlay-gradient":""},"tablet":{"background-color":"","background-image":"","background-repeat":"repeat","background-position":"center center","background-size":"auto","background-attachment":"scroll","background-type":"","background-media":"","overlay-type":"","overlay-color":"","overlay-opacity":"","overlay-gradient":""},"mobile":{"background-color":"","background-image":"","background-repeat":"repeat","background-position":"center center","background-size":"auto","background-attachment":"scroll","background-type":"","background-media":"","overlay-type":"","overlay-color":"","overlay-opacity":"","overlay-gradient":""}},"ast-content-background-meta":{"desktop":{"background-color":"var(--ast-global-color-5)","background-image":"","background-repeat":"repeat","background-position":"center center","background-size":"auto","background-attachment":"scroll","background-type":"","background-media":"","overlay-type":"","overlay-color":"","overlay-opacity":"","overlay-gradient":""},"tablet":{"background-color":"var(--ast-global-color-5)","background-image":"","background-repeat":"repeat","background-position":"center center","background-size":"auto","background-attachment":"scroll","background-type":"","background-media":"","overlay-type":"","overlay-color":"","overlay-opacity":"","overlay-gradient":""},"mobile":{"background-color":"var(--ast-global-color-5)","background-image":"","background-repeat":"repeat","background-position":"center center","background-size":"auto","background-attachment":"scroll","background-type":"","background-media":"","overlay-type":"","overlay-color":"","overlay-opacity":"","overlay-gradient":""}},"footnotes":""},"class_list":["post-1888","page","type-page","status-publish","has-post-thumbnail","hentry"],"yoast_head":"<!-- This site is optimized with the Yoast SEO plugin v26.8 - https:\/\/yoast.com\/product\/yoast-seo-wordpress\/ -->\n<title>Confidencialidad y protecci\u00f3n de datos - Dr Gerard Calzada<\/title>\n<meta name=\"description\" content=\"La declaraci\u00f3n de protecci\u00f3n de datos informa sobre la recopilaci\u00f3n de datos personales durante su navegaci\u00f3n en este sitio.\" \/>\n<meta name=\"robots\" content=\"noindex, nofollow\" \/>\n<meta property=\"og:locale\" content=\"es_ES\" \/>\n<meta property=\"og:type\" content=\"article\" \/>\n<meta property=\"og:title\" content=\"Confidencialidad y protecci\u00f3n de datos - Dr Gerard Calzada\" \/>\n<meta property=\"og:description\" content=\"La declaraci\u00f3n de protecci\u00f3n de datos informa sobre la recopilaci\u00f3n de datos personales durante su navegaci\u00f3n en este sitio.\" \/>\n<meta property=\"og:url\" content=\"https:\/\/www.gerardcalzada.com\/es\/confidencialidad\/\" \/>\n<meta property=\"og:site_name\" content=\"Dr Gerard Calzada\" \/>\n<meta property=\"article:modified_time\" content=\"2024-07-11T08:57:54+00:00\" \/>\n<meta property=\"og:image\" content=\"https:\/\/www.gerardcalzada.com\/es\/wp-content\/uploads\/sites\/2\/Politique_confidentialite-scaled.webp\" \/>\n\t<meta property=\"og:image:width\" content=\"2560\" \/>\n\t<meta property=\"og:image:height\" content=\"1463\" \/>\n\t<meta property=\"og:image:type\" content=\"image\/webp\" \/>\n<meta name=\"twitter:card\" content=\"summary_large_image\" \/>\n<meta name=\"twitter:label1\" content=\"Tiempo de lectura\" \/>\n\t<meta name=\"twitter:data1\" content=\"4 minutos\" \/>\n<script type=\"application\/ld+json\" class=\"yoast-schema-graph\">{\"@context\":\"https:\/\/schema.org\",\"@graph\":[{\"@type\":\"WebPage\",\"@id\":\"https:\/\/www.gerardcalzada.com\/es\/confidencialidad\/\",\"url\":\"https:\/\/www.gerardcalzada.com\/es\/confidencialidad\/\",\"name\":\"Confidencialidad y protecci\u00f3n de datos - Dr Gerard Calzada\",\"isPartOf\":{\"@id\":\"https:\/\/www.gerardcalzada.com\/es\/#website\"},\"primaryImageOfPage\":{\"@id\":\"https:\/\/www.gerardcalzada.com\/es\/confidencialidad\/#primaryimage\"},\"image\":{\"@id\":\"https:\/\/www.gerardcalzada.com\/es\/confidencialidad\/#primaryimage\"},\"thumbnailUrl\":\"https:\/\/www.gerardcalzada.com\/es\/wp-content\/uploads\/sites\/2\/Politique_confidentialite-scaled.webp\",\"datePublished\":\"2023-12-12T08:12:46+00:00\",\"dateModified\":\"2024-07-11T08:57:54+00:00\",\"description\":\"La declaraci\u00f3n de protecci\u00f3n de datos informa sobre la recopilaci\u00f3n de datos personales durante su navegaci\u00f3n en este sitio.\",\"breadcrumb\":{\"@id\":\"https:\/\/www.gerardcalzada.com\/es\/confidencialidad\/#breadcrumb\"},\"inLanguage\":\"es\",\"potentialAction\":[{\"@type\":\"ReadAction\",\"target\":[\"https:\/\/www.gerardcalzada.com\/es\/confidencialidad\/\"]}]},{\"@type\":\"ImageObject\",\"inLanguage\":\"es\",\"@id\":\"https:\/\/www.gerardcalzada.com\/es\/confidencialidad\/#primaryimage\",\"url\":\"https:\/\/www.gerardcalzada.com\/es\/wp-content\/uploads\/sites\/2\/Politique_confidentialite-scaled.webp\",\"contentUrl\":\"https:\/\/www.gerardcalzada.com\/es\/wp-content\/uploads\/sites\/2\/Politique_confidentialite-scaled.webp\",\"width\":2560,\"height\":1463},{\"@type\":\"BreadcrumbList\",\"@id\":\"https:\/\/www.gerardcalzada.com\/es\/confidencialidad\/#breadcrumb\",\"itemListElement\":[{\"@type\":\"ListItem\",\"position\":1,\"name\":\"Accueil\",\"item\":\"https:\/\/www.gerardcalzada.com\/es\/\"},{\"@type\":\"ListItem\",\"position\":2,\"name\":\"Confidencialidad y protecci\u00f3n de datos\"}]},{\"@type\":\"WebSite\",\"@id\":\"https:\/\/www.gerardcalzada.com\/es\/#website\",\"url\":\"https:\/\/www.gerardcalzada.com\/es\/\",\"name\":\"Dr Gerard Calzada\",\"description\":\"M\u00e9dico psiquiatra y psicoterapeuta, especializado en el tratamiento de adicciones y en psicoterapias sist\u00e9micas, Ginebra (Suiza)\",\"publisher\":{\"@id\":\"https:\/\/www.gerardcalzada.com\/es\/#organization\"},\"potentialAction\":[{\"@type\":\"SearchAction\",\"target\":{\"@type\":\"EntryPoint\",\"urlTemplate\":\"https:\/\/www.gerardcalzada.com\/es\/?s={search_term_string}\"},\"query-input\":{\"@type\":\"PropertyValueSpecification\",\"valueRequired\":true,\"valueName\":\"search_term_string\"}}],\"inLanguage\":\"es\"},{\"@type\":\"Organization\",\"@id\":\"https:\/\/www.gerardcalzada.com\/es\/#organization\",\"name\":\"Dr Gerard Calzada\",\"url\":\"https:\/\/www.gerardcalzada.com\/es\/\",\"logo\":{\"@type\":\"ImageObject\",\"inLanguage\":\"es\",\"@id\":\"https:\/\/www.gerardcalzada.com\/es\/#\/schema\/logo\/image\/\",\"url\":\"https:\/\/www.gerardcalzada.com\/es\/wp-content\/uploads\/sites\/2\/G-Calzada.webp\",\"contentUrl\":\"https:\/\/www.gerardcalzada.com\/es\/wp-content\/uploads\/sites\/2\/G-Calzada.webp\",\"width\":2133,\"height\":1200,\"caption\":\"Dr Gerard Calzada\"},\"image\":{\"@id\":\"https:\/\/www.gerardcalzada.com\/es\/#\/schema\/logo\/image\/\"}}]}<\/script>\n<!-- \/ Yoast SEO plugin. -->","yoast_head_json":{"title":"Confidencialidad y protecci\u00f3n de datos - Dr Gerard Calzada","description":"La declaraci\u00f3n de protecci\u00f3n de datos informa sobre la recopilaci\u00f3n de datos personales durante su navegaci\u00f3n en este sitio.","robots":{"index":"noindex","follow":"nofollow"},"og_locale":"es_ES","og_type":"article","og_title":"Confidencialidad y protecci\u00f3n de datos - Dr Gerard Calzada","og_description":"La declaraci\u00f3n de protecci\u00f3n de datos informa sobre la recopilaci\u00f3n de datos personales durante su navegaci\u00f3n en este sitio.","og_url":"https:\/\/www.gerardcalzada.com\/es\/confidencialidad\/","og_site_name":"Dr Gerard Calzada","article_modified_time":"2024-07-11T08:57:54+00:00","og_image":[{"width":2560,"height":1463,"url":"https:\/\/www.gerardcalzada.com\/es\/wp-content\/uploads\/sites\/2\/Politique_confidentialite-scaled.webp","type":"image\/webp"}],"twitter_card":"summary_large_image","twitter_misc":{"Tiempo de lectura":"4 minutos"},"schema":{"@context":"https:\/\/schema.org","@graph":[{"@type":"WebPage","@id":"https:\/\/www.gerardcalzada.com\/es\/confidencialidad\/","url":"https:\/\/www.gerardcalzada.com\/es\/confidencialidad\/","name":"Confidencialidad y protecci\u00f3n de datos - Dr Gerard Calzada","isPartOf":{"@id":"https:\/\/www.gerardcalzada.com\/es\/#website"},"primaryImageOfPage":{"@id":"https:\/\/www.gerardcalzada.com\/es\/confidencialidad\/#primaryimage"},"image":{"@id":"https:\/\/www.gerardcalzada.com\/es\/confidencialidad\/#primaryimage"},"thumbnailUrl":"https:\/\/www.gerardcalzada.com\/es\/wp-content\/uploads\/sites\/2\/Politique_confidentialite-scaled.webp","datePublished":"2023-12-12T08:12:46+00:00","dateModified":"2024-07-11T08:57:54+00:00","description":"La declaraci\u00f3n de protecci\u00f3n de datos informa sobre la recopilaci\u00f3n de datos personales durante su navegaci\u00f3n en este sitio.","breadcrumb":{"@id":"https:\/\/www.gerardcalzada.com\/es\/confidencialidad\/#breadcrumb"},"inLanguage":"es","potentialAction":[{"@type":"ReadAction","target":["https:\/\/www.gerardcalzada.com\/es\/confidencialidad\/"]}]},{"@type":"ImageObject","inLanguage":"es","@id":"https:\/\/www.gerardcalzada.com\/es\/confidencialidad\/#primaryimage","url":"https:\/\/www.gerardcalzada.com\/es\/wp-content\/uploads\/sites\/2\/Politique_confidentialite-scaled.webp","contentUrl":"https:\/\/www.gerardcalzada.com\/es\/wp-content\/uploads\/sites\/2\/Politique_confidentialite-scaled.webp","width":2560,"height":1463},{"@type":"BreadcrumbList","@id":"https:\/\/www.gerardcalzada.com\/es\/confidencialidad\/#breadcrumb","itemListElement":[{"@type":"ListItem","position":1,"name":"Accueil","item":"https:\/\/www.gerardcalzada.com\/es\/"},{"@type":"ListItem","position":2,"name":"Confidencialidad y protecci\u00f3n de datos"}]},{"@type":"WebSite","@id":"https:\/\/www.gerardcalzada.com\/es\/#website","url":"https:\/\/www.gerardcalzada.com\/es\/","name":"Dr Gerard Calzada","description":"M\u00e9dico psiquiatra y psicoterapeuta, especializado en el tratamiento de adicciones y en psicoterapias sist\u00e9micas, Ginebra (Suiza)","publisher":{"@id":"https:\/\/www.gerardcalzada.com\/es\/#organization"},"potentialAction":[{"@type":"SearchAction","target":{"@type":"EntryPoint","urlTemplate":"https:\/\/www.gerardcalzada.com\/es\/?s={search_term_string}"},"query-input":{"@type":"PropertyValueSpecification","valueRequired":true,"valueName":"search_term_string"}}],"inLanguage":"es"},{"@type":"Organization","@id":"https:\/\/www.gerardcalzada.com\/es\/#organization","name":"Dr Gerard Calzada","url":"https:\/\/www.gerardcalzada.com\/es\/","logo":{"@type":"ImageObject","inLanguage":"es","@id":"https:\/\/www.gerardcalzada.com\/es\/#\/schema\/logo\/image\/","url":"https:\/\/www.gerardcalzada.com\/es\/wp-content\/uploads\/sites\/2\/G-Calzada.webp","contentUrl":"https:\/\/www.gerardcalzada.com\/es\/wp-content\/uploads\/sites\/2\/G-Calzada.webp","width":2133,"height":1200,"caption":"Dr Gerard Calzada"},"image":{"@id":"https:\/\/www.gerardcalzada.com\/es\/#\/schema\/logo\/image\/"}}]}},"uagb_featured_image_src":{"full":["https:\/\/www.gerardcalzada.com\/es\/wp-content\/uploads\/sites\/2\/Politique_confidentialite-scaled.webp",2560,1463,false],"thumbnail":["https:\/\/www.gerardcalzada.com\/es\/wp-content\/uploads\/sites\/2\/Politique_confidentialite-150x150.webp",150,150,true],"medium":["https:\/\/www.gerardcalzada.com\/es\/wp-content\/uploads\/sites\/2\/Politique_confidentialite-300x171.webp",300,171,true],"medium_large":["https:\/\/www.gerardcalzada.com\/es\/wp-content\/uploads\/sites\/2\/Politique_confidentialite-scaled.webp",2560,1463,false],"large":["https:\/\/www.gerardcalzada.com\/es\/wp-content\/uploads\/sites\/2\/Politique_confidentialite-1024x585.webp",1024,585,true],"1536x1536":["https:\/\/www.gerardcalzada.com\/es\/wp-content\/uploads\/sites\/2\/Politique_confidentialite-1536x878.webp",1536,878,true],"2048x2048":["https:\/\/www.gerardcalzada.com\/es\/wp-content\/uploads\/sites\/2\/Politique_confidentialite-2048x1170.webp",2048,1170,true],"gform-image-choice-sm":["https:\/\/www.gerardcalzada.com\/es\/wp-content\/uploads\/sites\/2\/Politique_confidentialite-scaled.webp",300,171,false],"gform-image-choice-md":["https:\/\/www.gerardcalzada.com\/es\/wp-content\/uploads\/sites\/2\/Politique_confidentialite-scaled.webp",400,229,false],"gform-image-choice-lg":["https:\/\/www.gerardcalzada.com\/es\/wp-content\/uploads\/sites\/2\/Politique_confidentialite-scaled.webp",600,343,false]},"uagb_author_info":{"display_name":"Gerard Calzada","author_link":"https:\/\/www.gerardcalzada.com\/es\/author\/gerard\/"},"uagb_comment_info":0,"uagb_excerpt":"Pol\u00edtica de confidencialidad y protecci\u00f3n de datos La siguiente declaraci\u00f3n de protecci\u00f3n de datos, aplicable al uso del sitio web GerardCalzada.com y a los servicios ofrecidos en \u00e9l, le informa sobre la recopilaci\u00f3n de datos personales durante su navegaci\u00f3n. Al usar este sitio web, usted acepta el tratamiento de sus datos personales de acuerdo con&hellip;","_links":{"self":[{"href":"https:\/\/www.gerardcalzada.com\/es\/wp-json\/wp\/v2\/pages\/1888","targetHints":{"allow":["GET"]}}],"collection":[{"href":"https:\/\/www.gerardcalzada.com\/es\/wp-json\/wp\/v2\/pages"}],"about":[{"href":"https:\/\/www.gerardcalzada.com\/es\/wp-json\/wp\/v2\/types\/page"}],"author":[{"embeddable":true,"href":"https:\/\/www.gerardcalzada.com\/es\/wp-json\/wp\/v2\/users\/2"}],"replies":[{"embeddable":true,"href":"https:\/\/www.gerardcalzada.com\/es\/wp-json\/wp\/v2\/comments?post=1888"}],"version-history":[{"count":14,"href":"https:\/\/www.gerardcalzada.com\/es\/wp-json\/wp\/v2\/pages\/1888\/revisions"}],"predecessor-version":[{"id":3188,"href":"https:\/\/www.gerardcalzada.com\/es\/wp-json\/wp\/v2\/pages\/1888\/revisions\/3188"}],"wp:featuredmedia":[{"embeddable":true,"href":"https:\/\/www.gerardcalzada.com\/es\/wp-json\/wp\/v2\/media\/1914"}],"wp:attachment":[{"href":"https:\/\/www.gerardcalzada.com\/es\/wp-json\/wp\/v2\/media?parent=1888"}],"curies":[{"name":"wp","href":"https:\/\/api.w.org\/{rel}","templated":true}]}}